{"id":2251,"date":"2022-11-01T17:49:43","date_gmt":"2022-11-01T14:49:43","guid":{"rendered":"http:\/\/atekmuhendislik.com\/de\/?page_id=2251"},"modified":"2022-12-22T18:02:27","modified_gmt":"2022-12-22T15:02:27","slug":"atek-muhendislik-2","status":"publish","type":"page","link":"https:\/\/atekmuhendislik.com\/de\/","title":{"rendered":"Startseite"},"content":{"rendered":"<p>[vc_row][vc_column]\n\t\t\t<!-- START Home1 REVOLUTION SLIDER 6.5.31 --><p class=\"rs-p-wp-fix\"><\/p>\n\t\t\t<rs-module-wrap id=\"rev_slider_1_1_wrapper\" data-source=\"gallery\" style=\"visibility:hidden;background:rgba(0,0,0,0);padding:0;\">\n\t\t\t\t<rs-module id=\"rev_slider_1_1\" style=\"\" data-version=\"6.5.31\">\n\t\t\t\t\t<rs-slides>\n\t\t\t\t\t\t<rs-slide style=\"position: absolute;\" data-key=\"rs-1\" data-title=\"Slide\" data-thumb=\"\/\/atekmuhendislik.com\/de\/wp-content\/uploads\/2022\/10\/slider-1-100x50.jpg\" data-anim=\"d:70;o:forceinout;\" data-in=\"o:1;e:back.in;\" data-out=\"a:false;\">\n\t\t\t\t\t\t\t<img decoding=\"async\" src=\"\/\/atekmuhendislik.com\/de\/wp-content\/plugins\/revslider\/public\/assets\/assets\/dummy.png\" alt=\"\" title=\"slider-1\" width=\"1920\" height=\"1080\" class=\"rev-slidebg tp-rs-img rs-lazyload\" data-lazyload=\"\/\/atekmuhendislik.com\/de\/wp-content\/uploads\/2022\/10\/slider-1.jpg\" data-parallax=\"8\" data-panzoom=\"d:20000ms;ss:100;se:150%;\" data-no-retina>\n<!--\n\t\t\t\t\t\t\t--><rs-group\n\t\t\t\t\t\t\t\tid=\"slider-1-slide-1-layer-1\" \n\t\t\t\t\t\t\t\tdata-type=\"group\"\n\t\t\t\t\t\t\t\tdata-xy=\"xo:34px,34px,15px,-1px;y:m;yo:-50px,-50px,-48px,19px;\"\n\t\t\t\t\t\t\t\tdata-text=\"l:22;a:inherit;\"\n\t\t\t\t\t\t\t\tdata-dim=\"w:580px,580px,580px,420px;h:435px,435px,337px,424px;\"\n\t\t\t\t\t\t\t\tdata-rsp_bd=\"off\"\n\t\t\t\t\t\t\t\tdata-frame_1=\"st:50;sp:600;sR:50;\"\n\t\t\t\t\t\t\t\tdata-frame_999=\"o:0;st:w;sp:600;sR:8350;sA:9000;\"\n\t\t\t\t\t\t\t\tstyle=\"z-index:13;\"\n\t\t\t\t\t\t\t><!--\n\t\t\t\t\t\t\t\t--><rs-layer\n\t\t\t\t\t\t\t\t\tid=\"slider-1-slide-1-layer-2\" \n\t\t\t\t\t\t\t\t\tdata-type=\"text\"\n\t\t\t\t\t\t\t\t\tdata-color=\"#00b5f4\"\n\t\t\t\t\t\t\t\t\tdata-xy=\"xo:2px,2px,0,9px;yo:-9px,-9px,-7px,27px;\"\n\t\t\t\t\t\t\t\t\tdata-text=\"s:25,25,17,15;l:36,36,24,24;ls:1px;fw:500,500,700,700;a:inherit;\"\n\t\t\t\t\t\t\t\t\tdata-rsp_o=\"off\"\n\t\t\t\t\t\t\t\t\tdata-rsp_bd=\"off\"\n\t\t\t\t\t\t\t\t\tdata-frame_0=\"x:50px;\"\n\t\t\t\t\t\t\t\t\tdata-frame_1=\"e:easeOutCirc;st:1200;sp:600;sR:1150;\"\n\t\t\t\t\t\t\t\t\tdata-frame_999=\"x:50px;o:0;e:easeOutCirc;st:w;sp:600;sR:7200;\"\n\t\t\t\t\t\t\t\t\tstyle=\"z-index:12;font-family:'Montserrat';\"\n\t\t\t\t\t\t\t\t>\u00dcber 20 Jahre  \n\t\t\t\t\t\t\t\t<\/rs-layer><!--\n\n\t\t\t\t\t\t\t\t--><rs-layer\n\t\t\t\t\t\t\t\t\tid=\"slider-1-slide-1-layer-3\" \n\t\t\t\t\t\t\t\t\tdata-type=\"text\"\n\t\t\t\t\t\t\t\t\tdata-xy=\"xo:0,0,0,4px;yo:27px,27px,27px,57px;\"\n\t\t\t\t\t\t\t\t\tdata-text=\"s:40,40,46,30;l:50,50,46,36;fw:500,500,400,400;a:inherit;\"\n\t\t\t\t\t\t\t\t\tdata-dim=\"w:auto,auto,auto,376px;h:auto,auto,auto,77px;\"\n\t\t\t\t\t\t\t\t\tdata-rsp_o=\"off\"\n\t\t\t\t\t\t\t\t\tdata-rsp_bd=\"off\"\n\t\t\t\t\t\t\t\t\tdata-frame_0=\"x:50px;\"\n\t\t\t\t\t\t\t\t\tdata-frame_1=\"e:easeOutCirc;st:1400;sp:600;sR:1350;\"\n\t\t\t\t\t\t\t\t\tdata-frame_999=\"x:50px;o:0;e:easeOutCirc;st:w;sp:600;sR:7000;\"\n\t\t\t\t\t\t\t\t\tstyle=\"z-index:8;font-family:'Montserrat';\"\n\t\t\t\t\t\t\t\t>Innovative L\u00f6sungen <br>f\u00fcr den Sektor \n\t\t\t\t\t\t\t\t<\/rs-layer><!--\n\n\t\t\t\t\t\t\t\t--><rs-layer\n\t\t\t\t\t\t\t\t\tid=\"slider-1-slide-1-layer-5\" \n\t\t\t\t\t\t\t\t\tdata-type=\"text\"\n\t\t\t\t\t\t\t\t\tdata-xy=\"xo:0,0,0,6px;yo:211px,211px,172px,155px;\"\n\t\t\t\t\t\t\t\t\tdata-text=\"s:25,25,17,14;l:36,36,24,22;fw:500,500,400,400;a:inherit;\"\n\t\t\t\t\t\t\t\t\tdata-rsp_o=\"off\"\n\t\t\t\t\t\t\t\t\tdata-rsp_bd=\"off\"\n\t\t\t\t\t\t\t\t\tdata-frame_0=\"y:50px;\"\n\t\t\t\t\t\t\t\t\tdata-frame_1=\"st:1800;sp:600;sR:1750;\"\n\t\t\t\t\t\t\t\t\tdata-frame_999=\"y:50px;o:0;st:w;sp:600;sR:6600;\"\n\t\t\t\t\t\t\t\t\tstyle=\"z-index:9;font-family:'Montserrat';\"\n\t\t\t\t\t\t\t\t>Mit unserer Produktionserfahrung wickeln <br>wir Ihre Projekte auf die sensibelste Weise ab.  <br>Wir bieten Ihnen die neuesten Anwendungen und <br>L\u00f6sungen auf der sich entwickelnder Welt. \n\t\t\t\t\t\t\t\t<\/rs-layer><!--\n\t\t\t\t\t\t\t--><\/rs-group><!--\n-->\t\t\t\t\t\t<\/rs-slide>\n\t\t\t\t\t\t<rs-slide style=\"position: absolute;\" data-key=\"rs-4\" data-title=\"Slide\" data-thumb=\"\/\/atekmuhendislik.com\/de\/wp-content\/uploads\/2024\/05\/slider-2-100x50.jpg\" data-anim=\"d:70;o:forceinout;\" data-in=\"o:1;e:back.in;\" data-out=\"a:false;\">\n\t\t\t\t\t\t\t<img decoding=\"async\" src=\"\/\/atekmuhendislik.com\/de\/wp-content\/plugins\/revslider\/public\/assets\/assets\/dummy.png\" alt=\"\" title=\"slider-2\" width=\"1920\" height=\"1080\" class=\"rev-slidebg tp-rs-img rs-lazyload\" data-lazyload=\"\/\/atekmuhendislik.com\/de\/wp-content\/uploads\/2024\/05\/slider-2.jpg\" data-parallax=\"8\" data-panzoom=\"d:20000ms;ss:100;se:150%;\" data-no-retina>\n<!--\n\t\t\t\t\t\t\t--><rs-group\n\t\t\t\t\t\t\t\tid=\"slider-1-slide-4-layer-1\" \n\t\t\t\t\t\t\t\tdata-type=\"group\"\n\t\t\t\t\t\t\t\tdata-xy=\"xo:34px,34px,15px,-1px;y:m;yo:-50px,-50px,-48px,19px;\"\n\t\t\t\t\t\t\t\tdata-text=\"l:22;a:inherit;\"\n\t\t\t\t\t\t\t\tdata-dim=\"w:580px,580px,580px,420px;h:435px,435px,337px,424px;\"\n\t\t\t\t\t\t\t\tdata-rsp_bd=\"off\"\n\t\t\t\t\t\t\t\tdata-frame_1=\"st:50;sp:600;sR:50;\"\n\t\t\t\t\t\t\t\tdata-frame_999=\"o:0;st:w;sp:600;sR:8350;sA:9000;\"\n\t\t\t\t\t\t\t\tstyle=\"z-index:11;\"\n\t\t\t\t\t\t\t><!--\n\t\t\t\t\t\t\t\t--><rs-layer\n\t\t\t\t\t\t\t\t\tid=\"slider-1-slide-4-layer-5\" \n\t\t\t\t\t\t\t\t\tdata-type=\"text\"\n\t\t\t\t\t\t\t\t\tdata-xy=\"xo:0,0,0,6px;yo:199px,199px,172px,176px;\"\n\t\t\t\t\t\t\t\t\tdata-text=\"s:25,25,17,14;l:36,36,24,22;fw:500,500,400,400;a:inherit;\"\n\t\t\t\t\t\t\t\t\tdata-rsp_o=\"off\"\n\t\t\t\t\t\t\t\t\tdata-rsp_bd=\"off\"\n\t\t\t\t\t\t\t\t\tdata-frame_0=\"y:50px;\"\n\t\t\t\t\t\t\t\t\tdata-frame_1=\"st:1800;sp:600;sR:1750;\"\n\t\t\t\t\t\t\t\t\tdata-frame_999=\"y:50px;o:0;st:w;sp:600;sR:6600;\"\n\t\t\t\t\t\t\t\t\tstyle=\"z-index:9;font-family:'Montserrat';\"\n\t\t\t\t\t\t\t\t>Dank unserer Vision, die ein unverzichtbarer Teil<br> unserer Unternehmensidentit\u00e4t ist, und dank der<br> Nachhaltigkeit unserer Qualit\u00e4tsprodukte<br> und -dienstleistungen sind wir in der Lage, f\u00fcr viele<br> unserer europ\u00e4ischen Kunden ein langfristiger<br> L\u00f6sungspartner zu sein. \n\t\t\t\t\t\t\t\t<\/rs-layer><!--\n\t\t\t\t\t\t\t--><\/rs-group><!--\n\n\t\t\t\t\t\t\t--><rs-layer\n\t\t\t\t\t\t\t\tid=\"slider-1-slide-4-layer-3\" \n\t\t\t\t\t\t\t\tdata-type=\"text\"\n\t\t\t\t\t\t\t\tdata-xy=\"xo:34px,34px,0,4px;yo:92px,92px,27px,29px;\"\n\t\t\t\t\t\t\t\tdata-text=\"s:40,40,46,22;l:50,50,46,36;fw:500,500,400,400;a:inherit;\"\n\t\t\t\t\t\t\t\tdata-dim=\"w:auto,auto,auto,323px;h:auto,auto,auto,77px;\"\n\t\t\t\t\t\t\t\tdata-rsp_o=\"off\"\n\t\t\t\t\t\t\t\tdata-rsp_bd=\"off\"\n\t\t\t\t\t\t\t\tdata-frame_0=\"x:50px;\"\n\t\t\t\t\t\t\t\tdata-frame_1=\"e:easeOutCirc;st:1400;sp:600;sR:1350;\"\n\t\t\t\t\t\t\t\tdata-frame_999=\"x:50px;o:0;e:easeOutCirc;st:w;sp:600;sR:7000;\"\n\t\t\t\t\t\t\t\tstyle=\"z-index:8;font-family:'Montserrat';\"\n\t\t\t\t\t\t\t>Kundenzufriedenheit und<br> langfristige Zusammenarbeit. \n\t\t\t\t\t\t\t<\/rs-layer><!--\n-->\t\t\t\t\t\t<\/rs-slide>\n\t\t\t\t\t\t<rs-slide style=\"position: absolute;\" data-key=\"rs-5\" data-title=\"Slide\" data-thumb=\"\/\/atekmuhendislik.com\/de\/wp-content\/uploads\/2024\/05\/atek-banner-2-Large-100x50.jpg\" data-anim=\"d:70;o:forceinout;\" data-in=\"o:1;e:back.in;\" data-out=\"a:false;\">\n\t\t\t\t\t\t\t<img decoding=\"async\" src=\"\/\/atekmuhendislik.com\/de\/wp-content\/plugins\/revslider\/public\/assets\/assets\/dummy.png\" alt=\"\" title=\"atek banner 2 (Large)\" width=\"1620\" height=\"1080\" class=\"rev-slidebg tp-rs-img rs-lazyload\" data-lazyload=\"\/\/atekmuhendislik.com\/de\/wp-content\/uploads\/2024\/05\/atek-banner-2-Large.jpg\" data-bg=\"p:right center;\" data-parallax=\"8\" data-panzoom=\"d:20000ms;ss:100;se:150%;\" data-no-retina>\n<!--\n\t\t\t\t\t\t\t--><rs-group\n\t\t\t\t\t\t\t\tid=\"slider-1-slide-5-layer-1\" \n\t\t\t\t\t\t\t\tdata-type=\"group\"\n\t\t\t\t\t\t\t\tdata-xy=\"xo:33px,33px,15px,-1px;y:m;yo:-51px,-51px,-48px,19px;\"\n\t\t\t\t\t\t\t\tdata-text=\"l:22;a:inherit;\"\n\t\t\t\t\t\t\t\tdata-dim=\"w:580px,580px,580px,420px;h:435px,435px,337px,424px;\"\n\t\t\t\t\t\t\t\tdata-rsp_bd=\"off\"\n\t\t\t\t\t\t\t\tdata-frame_1=\"st:50;sp:600;sR:50;\"\n\t\t\t\t\t\t\t\tdata-frame_999=\"o:0;st:w;sp:600;sR:8350;sA:9000;\"\n\t\t\t\t\t\t\t\tstyle=\"z-index:11;\"\n\t\t\t\t\t\t\t><!--\n\t\t\t\t\t\t\t\t--><rs-layer\n\t\t\t\t\t\t\t\t\tid=\"slider-1-slide-5-layer-5\" \n\t\t\t\t\t\t\t\t\tdata-type=\"text\"\n\t\t\t\t\t\t\t\t\tdata-xy=\"xo:0,0,0,6px;yo:215px,215px,172px,155px;\"\n\t\t\t\t\t\t\t\t\tdata-text=\"s:25,25,17,14;l:36,36,24,22;fw:500,500,400,400;a:inherit;\"\n\t\t\t\t\t\t\t\t\tdata-rsp_o=\"off\"\n\t\t\t\t\t\t\t\t\tdata-rsp_bd=\"off\"\n\t\t\t\t\t\t\t\t\tdata-frame_0=\"y:50px;\"\n\t\t\t\t\t\t\t\t\tdata-frame_1=\"st:1800;sp:600;sR:1750;\"\n\t\t\t\t\t\t\t\t\tdata-frame_999=\"y:50px;o:0;st:w;sp:600;sR:6600;\"\n\t\t\t\t\t\t\t\t\tstyle=\"z-index:9;font-family:'Montserrat';\"\n\t\t\t\t\t\t\t\t>Wir gehen keine Kompromisse bei internationalen <br>Standards ein und realisieren mit unseren erfahrenen <br>Mitarbeitern Projekte auf h\u00f6chstem Niveau. \n\t\t\t\t\t\t\t\t<\/rs-layer><!--\n\t\t\t\t\t\t\t--><\/rs-group><!--\n\n\t\t\t\t\t\t\t--><rs-layer\n\t\t\t\t\t\t\t\tid=\"slider-1-slide-5-layer-3\" \n\t\t\t\t\t\t\t\tdata-type=\"text\"\n\t\t\t\t\t\t\t\tdata-xy=\"xo:34px,34px,0,4px;yo:92px,92px,27px,57px;\"\n\t\t\t\t\t\t\t\tdata-text=\"s:40,40,46,22;l:50,50,46,36;fw:500,500,400,400;a:inherit;\"\n\t\t\t\t\t\t\t\tdata-dim=\"w:auto,auto,auto,312px;h:auto,auto,auto,47px;\"\n\t\t\t\t\t\t\t\tdata-rsp_o=\"off\"\n\t\t\t\t\t\t\t\tdata-rsp_bd=\"off\"\n\t\t\t\t\t\t\t\tdata-frame_0=\"x:50px;\"\n\t\t\t\t\t\t\t\tdata-frame_1=\"e:easeOutCirc;st:1400;sp:600;sR:1350;\"\n\t\t\t\t\t\t\t\tdata-frame_999=\"x:50px;o:0;e:easeOutCirc;st:w;sp:600;sR:7000;\"\n\t\t\t\t\t\t\t\tstyle=\"z-index:8;font-family:'Montserrat';\"\n\t\t\t\t\t\t\t>Produkt und <br>Dienstleistung Qualit\u00e4t \n\t\t\t\t\t\t\t<\/rs-layer><!--\n-->\t\t\t\t\t\t<\/rs-slide>\n\t\t\t\t\t<\/rs-slides>\n\t\t\t\t<\/rs-module>\n\t\t\t\t<script>\n\t\t\t\t\tsetREVStartSize({c: 'rev_slider_1_1',rl:[1240,1024,778,480],el:[600,600,500,400],gw:[1240,1024,778,480],gh:[600,600,500,400],type:'standard',justify:'',layout:'fullscreen',offsetContainer:'.site-header, #wpadminbar',offset:'',mh:\"540\"});if (window.RS_MODULES!==undefined && window.RS_MODULES.modules!==undefined && window.RS_MODULES.modules[\"revslider11\"]!==undefined) {window.RS_MODULES.modules[\"revslider11\"].once = false;window.revapi1 = undefined;if (window.RS_MODULES.checkMinimal!==undefined) window.RS_MODULES.checkMinimal()}\n\t\t\t\t<\/script>\n\t\t\t<\/rs-module-wrap>\n\t\t\t<!-- END REVOLUTION SLIDER -->\n[\/vc_column][\/vc_row][vc_row full_width=&#8221;stretch_row_content&#8221; css=&#8221;.vc_custom_1667307228723{background-color: #0d2f5a !important;}&#8221;][vc_column][vc_empty_space height=&#8221;10px&#8221;][vc_column_text]<\/p>\n<h5 style=\"text-align: center;\"><span style=\"color: #ffffff;\">Wir stellen Maschinen und Ausr\u00fcstungen f\u00fcr Industrieanlagen nach internationalen Standards her.<\/span><\/h5>\n<p>[\/vc_column_text][vc_empty_space height=&#8221;10px&#8221;][\/vc_column][\/vc_row][vc_row full_width=&#8221;stretch_row&#8221;][vc_column css=&#8221;.vc_custom_1550222047418{padding-top: 153px !important;padding-bottom: 67px !important;}&#8221;][vc_row_inner content_placement=&#8221;bottom&#8221; css=&#8221;.vc_custom_1549940878181{padding-bottom: 37px !important;}&#8221;][vc_column_inner width=&#8221;1\/2&#8243;][cms_heading text=&#8221;WIR PRODUZIEREN JEDE ARBEIT MIT SORGFALT&#8221; font_size=&#8221;68&#8243; font_size_md=&#8221;58&#8243; font_size_sm=&#8221;46&#8243; font_size_xs=&#8221;32&#8243; line_height=&#8221;68&#8243; line_height_md=&#8221;58&#8243; line_height_sm=&#8221;48&#8243; line_height_xs=&#8221;36&#8243; font_weight=&#8221;400&#8243; text_color=&#8221;#777777&#8243; sub_title=&#8221;Atek Engineering&#8221; margin_top=&#8221;11&#8243; margin_bottom=&#8221;0&#8243;][cms_space space_lg=&#8221;0&#8243; space_md=&#8221;0&#8243; space_sm=&#8221;0&#8243; space_xs=&#8221;22&#8243;][\/vc_column_inner][vc_column_inner width=&#8221;1\/2&#8243;][cms_heading text=&#8221;Unser Unternehmen bietet seine Dienstleistungen inklusive der Verwaltungsgeb\u00e4ude auf einer Gesamtfl\u00e4che von 21.000 m\u00b2, davon sind 12.800 m\u00b2 geschlossene und 8.200 m\u00b2 offene Bereiche.Als einer der Pioniere seines Sektors hat es sich die Kundenzufriedenheit&#8221; tag=&#8221;div&#8221; font_size=&#8221;26&#8243; font_size_md=&#8221;26&#8243; font_size_sm=&#8221;18&#8243; font_size_xs=&#8221;18&#8243; line_height=&#8221;46&#8243; line_height_md=&#8221;46&#8243; line_height_sm=&#8221;30&#8243; line_height_xs=&#8221;30&#8243; font_weight=&#8221;300&#8243; text_color=&#8221;#777777&#8243; margin_bottom=&#8221;0&#8243;][\/vc_column_inner][\/vc_row_inner][cms_overlay color=&#8221;gradient&#8221; gradient_color1=&#8221;#ecf0f2&#8243; gradient_color2=&#8221;#f9fafb&#8221;][vc_row_inner][vc_column_inner width=&#8221;1\/2&#8243; offset=&#8221;vc_col-lg-3 vc_col-md-3&#8243; css=&#8221;.vc_custom_1551256839369{padding-top: 30px !important;}&#8221; animation_column=&#8221;fadeInUp&#8221;][cms_fancybox icon_hover_style=&#8221;icon-hover-style2&#8243; title=&#8221;EISEN STAHL&#8221; description=&#8221;Als Atek Engineering f\u00fchren wir viele Produktionen wie z.B. Schornsteinausl\u00e4sse, Verteiler, Gie\u00dftiegel, Stahlkonstruktionstr\u00e4ger entsprechend den Anforderungen unserer Kunden durch und unterst\u00fctzen unsere Kunden in allen Belangen.&#8221; el_class=&#8221;space-custom&#8221;][\/vc_column_inner][vc_column_inner width=&#8221;1\/2&#8243; css=&#8221;.vc_custom_1551256848981{padding-top: 30px !important;}&#8221; offset=&#8221;vc_col-lg-3 vc_col-md-3&#8243; animation_column=&#8221;fadeInUp&#8221;][cms_fancybox icon_hover_style=&#8221;icon-hover-style2&#8243; title=&#8221;ENERGIEANLAGEN&#8221; description=&#8221;Wir produzieren Ausr\u00fcstungen wie Plattformen, Druckbeh\u00e4lter, W\u00e4rmetauscher, Gasturbinen, Luftkan\u00e4le, Schornsteine usw. f\u00fcr, Dampfkraftwerke und Kombikraftwerke mit unseren technologischen Produktionsanlagen nach internationalen Standards.&#8221; el_class=&#8221;space-custom&#8221;][\/vc_column_inner][vc_column_inner width=&#8221;1\/2&#8243; css=&#8221;.vc_custom_1551256853815{padding-top: 30px !important;}&#8221; offset=&#8221;vc_col-lg-3 vc_col-md-3&#8243; animation_column=&#8221;fadeInUp&#8221;][cms_fancybox icon_hover_style=&#8221;icon-hover-style2&#8243; title=&#8221;ZEMENTWERKE&#8221; description=&#8221;Unser Angebot an Ausr\u00fcstungen f\u00fcr die Zementindustrie umfasst Silos, Zyklone, Bunker, pneumatische F\u00f6rdersysteme, F\u00f6rderer aller Art , Mischer, Ventilatoren, Brecher, Staubabscheider und Spezialprodukte nach Kundenw\u00fcnschen.&#8221; el_class=&#8221;space-custom&#8221;][\/vc_column_inner][vc_column_inner width=&#8221;1\/2&#8243; css=&#8221;.vc_custom_1551256858865{padding-top: 30px !important;}&#8221; offset=&#8221;vc_col-lg-3 vc_col-md-3&#8243; animation_column=&#8221;fadeInUp&#8221;][cms_fancybox icon_hover_style=&#8221;icon-hover-style2&#8243; title=&#8221;BERGBAUSEKTOR&#8221; description=&#8221;Wir stellen F\u00f6rderanlagen, F\u00f6rdermasten, Bunker und viele andere Ausr\u00fcstungen her, die in verschiedenen Bergbaubereichen eingesetzt werden.&#8221; el_class=&#8221;space-custom&#8221;][\/vc_column_inner][\/vc_row_inner][\/vc_column][\/vc_row][vc_row][vc_column width=&#8221;1\/2&#8243;][vc_empty_space height=&#8221;55px&#8221;][vc_video link=&#8221;https:\/\/www.youtube.com\/watch?v=ZN9IvCruOBk&#8221;][\/vc_column][vc_column width=&#8221;1\/2&#8243;][vc_empty_space height=&#8221;55px&#8221;][vc_column_text]ATEK wurde im Jahr 2002 in Izmir \/ T\u00fcrkei gegr\u00fcndet. Seit seiner Gr\u00fcndung ist ATEK einer der Pioniere seines Sektors in der Planung, Herstellung und Montage von industriellen Stahlprojekten und hat seine Zuverl\u00e4ssigkeit und Kompetenz Tag f\u00fcr Tag gesteigert. ATEK ist bestrebt, alle Arten von Engineering, Produktion, Installation und Kundendienst in seinem Bereich anzubieten.<\/p>\n<p>Unser Unternehmen bietet weiterhin seine Dienstleistungen an in- und ausl\u00e4ndische Kunden mit einer breiten Palette von Projekten und Tonnagen.<\/p>\n<p><span style=\"color: #0000ff;\"><a style=\"color: #0000ff;\" title=\"\u00dcber uns\" href=\"https:\/\/atekmuhendislik.com\/de\/uber-uns\/\"><u>Fortsetzung &gt;&gt;<\/u><\/a><\/span><\/p>\n<p>[\/vc_column_text][\/vc_column][\/vc_row][vc_row][vc_column css=&#8221;.vc_custom_1552809118305{padding-top: 64px !important;padding-bottom: 50px !important;}&#8221;][cms_heading text=&#8221;WIR MIT SORGFALT VERVOLLST\u00c4NDIGT HABEN&#8221; tag=&#8221;h2&#8243; align_lg=&#8221;align-center&#8221; align_md=&#8221;align-center-md&#8221; align_sm=&#8221;align-center-sm&#8221; align_xs=&#8221;align-center-xs&#8221; sub_title=&#8221;UNSERE LETZTEN AUFTR\u00c4GE DIE&#8221; description=&#8221;Das Ziel unseres Unternehmens ist es, alle Produktionsaktivit\u00e4ten auf einen Punkt zu bringen, der &#8220;Vertrauen&#8220; und &#8220;Qualit\u00e4t&#8220; bietet.&#8221; description_font_weight=&#8221;700&#8243; margin_top=&#8221;11&#8243; margin_bottom=&#8221;26&#8243;][vc_empty_space height=&#8221;19&#8243;][cms_case_studies_grid cms_template=&#8221;cms_case_studies_grid&#8211;layout2.php&#8221; limit=&#8221;4&#8243; img_size=&#8221;567&#215;578, 567&#215;273, 268&#215;275&#8243; layout=&#8221;masonry&#8221; filter=&#8221;false&#8221; pagination_type=&#8221;false&#8221; gap=&#8221;32&#8243; col_xs=&#8221;1&#8243; col_sm=&#8221;1&#8243; col_md=&#8221;2&#8243; col_lg=&#8221;4&#8243; col_xl=&#8221;4&#8243; custom_column=&#8221;true&#8221; cms_list_column=&#8221;%5B%7B%22custom_col_xs%22%3A%221%22%2C%22custom_col_sm%22%3A%221%22%2C%22custom_col_md%22%3A%222%22%2C%22custom_col_lg%22%3A%222%22%2C%22custom_col_xl%22%3A%222%22%7D%2C%7B%22custom_col_xs%22%3A%221%22%2C%22custom_col_sm%22%3A%221%22%2C%22custom_col_md%22%3A%222%22%2C%22custom_col_lg%22%3A%222%22%2C%22custom_col_xl%22%3A%222%22%7D%5D&#8221; el_class=&#8221;item-featured-first&#8221;][\/vc_column][\/vc_row][vc_row full_width=&#8221;stretch_row&#8221; parallax=&#8221;content-moving&#8221; parallax_image=&#8221;1911&#8243; parallax_speed_bg=&#8221;1.4&#8243; css=&#8221;.vc_custom_1666684309872{padding-top: 64px !important;}&#8221;][vc_column width=&#8221;7\/12&#8243; css=&#8221;.vc_custom_1547610067316{padding-top: 0px !important;}&#8221;][cms_heading text=&#8221;Kundenzufriedenheit und<br \/>\nlangfristige Zusammenarbeit&#8221; align_xs=&#8221;align-center-xs&#8221; font_size=&#8221;38&#8243; font_size_md=&#8221;20&#8243; font_size_sm=&#8221;42&#8243; font_size_xs=&#8221;32&#8243; line_height=&#8221;55&#8243; line_height_md=&#8221;48&#8243; line_height_sm=&#8221;48&#8243; line_height_xs=&#8221;36&#8243; font_weight=&#8221;400&#8243; text_color=&#8221;#ffffff&#8221; description=&#8221;Wir produzieren f\u00fcr viele internationale Unternehmen. Sie k\u00f6nnen sich \u00fcber Projekte, an denen Sie arbeiten m\u00f6chten, informieren, indem Sie sich an einen unserer Fachberater wenden.&#8221; description_font_size=&#8221;25&#8243; description_line_height=&#8221;36&#8243; description_color=&#8221;#ffffff&#8221; description_font_weight=&#8221;300&#8243; divider=&#8221;&#8221; divider_position=&#8221;&#8221; margin_bottom=&#8221;31&#8243; margin_top=&#8221;8&#8243;][cms_space space_lg=&#8221;85&#8243; space_md=&#8221;85&#8243; space_sm=&#8221;55&#8243; space_xs=&#8221;45&#8243;][cms_button button_text=&#8221;Kontakt&#8221; button_link=&#8221;url:https%3A%2F%2Fatekmuhendislik.com%2Fde%2Filetisim%2F|title:%C4%B0leti%C5%9Fim&#8221; button_style=&#8221;btn-modern&#8221; align_xs=&#8221;align-center-xs&#8221; icon_list=&#8221;pe7stroke&#8221; icon_pe7stroke=&#8221;pe-7s-angle-right-circle&#8221;][cms_space space_lg=&#8221;0&#8243; space_md=&#8221;66&#8243; space_sm=&#8221;32&#8243; space_xs=&#8221;66&#8243;][\/vc_column][vc_column width=&#8221;5\/12&#8243; css=&#8221;.vc_custom_1547610077722{padding-top: 0px !important;padding-bottom: 0px !important;}&#8221;][vc_single_image image=&#8221;1898&#8243; img_size=&#8221;full&#8221; alignment=&#8221;right&#8221; css_animation=&#8221;fadeInRight&#8221; cms_image_align=&#8221;image_align_xs_center&#8221; css=&#8221;.vc_custom_1666684077962{margin-top: 55px !important;margin-bottom: 0px !important;}&#8221;][\/vc_column][\/vc_row][vc_row][vc_column][vc_empty_space height=&#8221;15px&#8221;][\/vc_column][\/vc_row][vc_row full_width=&#8221;stretch_row&#8221; css=&#8221;.vc_custom_1548144891200{background-color: #ecf0f2 !important;}&#8221;][vc_column css=&#8221;.vc_custom_1548313473860{padding-top: 50px !important;padding-bottom: 51px !important;}&#8221;][cms_heading text=&#8221;SEIT 20 JAHREN ENTWERFEN, PRODUZIEREN UND MONTIEREN WIR INDUSTRIESTAHL.&#8221; tag=&#8221;div&#8221; align_lg=&#8221;align-center&#8221; align_md=&#8221;align-center-md&#8221; align_sm=&#8221;align-center-sm&#8221; align_xs=&#8221;align-center-xs&#8221; font_size=&#8221;20&#8243; font_size_md=&#8221;26&#8243; font_size_sm=&#8221;26&#8243; font_size_xs=&#8221;20&#8243; line_height=&#8221;70&#8243; line_height_md=&#8221;70&#8243; line_height_sm=&#8221;70&#8243; line_height_xs=&#8221;54&#8243; font_weight=&#8221;700&#8243; text_color=&#8221;#091031&#8243;][\/vc_column][\/vc_row]<\/p>\n","protected":false},"excerpt":{"rendered":"<p>[vc_row][vc_column][\/vc_column][\/vc_row][vc_row full_width=&#8221;stretch_row_content&#8221; css=&#8221;.vc_custom_1667307228723{background-color: #0d2f5a !important;}&#8221;][vc_column][vc_empty_space height=&#8221;10px&#8221;][vc_column_text] Wir stellen Maschinen und Ausr\u00fcstungen f\u00fcr Industrieanlagen nach internationalen Standards her. [\/vc_column_text][vc_empty_space height=&#8221;10px&#8221;][\/vc_column][\/vc_row][vc_row full_width=&#8221;stretch_row&#8221;][vc_column css=&#8221;.vc_custom_1550222047418{padding-top: 153px !important;padding-bottom: 67px !important;}&#8221;][vc_row_inner content_placement=&#8221;bottom&#8221; css=&#8221;.vc_custom_1549940878181{padding-bottom: 37px !important;}&#8221;][vc_column_inner width=&#8221;1\/2&#8243;][cms_heading text=&#8221;WIR PRODUZIEREN JEDE ARBEIT MIT SORGFALT&#8221; font_size=&#8221;68&#8243; font_size_md=&#8221;58&#8243; font_size_sm=&#8221;46&#8243; font_size_xs=&#8221;32&#8243; line_height=&#8221;68&#8243; line_height_md=&#8221;58&#8243; line_height_sm=&#8221;48&#8243; line_height_xs=&#8221;36&#8243; font_weight=&#8221;400&#8243; text_color=&#8221;#777777&#8243; sub_title=&#8221;Atek Engineering&#8221; margin_top=&#8221;11&#8243; margin_bottom=&#8221;0&#8243;][cms_space space_lg=&#8221;0&#8243; space_md=&#8221;0&#8243; space_sm=&#8221;0&#8243; space_xs=&#8221;22&#8243;][\/vc_column_inner][vc_column_inner width=&#8221;1\/2&#8243;][cms_heading [&hellip;]<\/p>\n","protected":false},"author":1,"featured_media":0,"parent":0,"menu_order":0,"comment_status":"closed","ping_status":"closed","template":"","meta":{"inline_featured_image":false,"footnotes":""},"class_list":["post-2251","page","type-page","status-publish","hentry"],"aioseo_notices":[],"_links":{"self":[{"href":"https:\/\/atekmuhendislik.com\/de\/wp-json\/wp\/v2\/pages\/2251","targetHints":{"allow":["GET"]}}],"collection":[{"href":"https:\/\/atekmuhendislik.com\/de\/wp-json\/wp\/v2\/pages"}],"about":[{"href":"https:\/\/atekmuhendislik.com\/de\/wp-json\/wp\/v2\/types\/page"}],"author":[{"embeddable":true,"href":"https:\/\/atekmuhendislik.com\/de\/wp-json\/wp\/v2\/users\/1"}],"replies":[{"embeddable":true,"href":"https:\/\/atekmuhendislik.com\/de\/wp-json\/wp\/v2\/comments?post=2251"}],"version-history":[{"count":23,"href":"https:\/\/atekmuhendislik.com\/de\/wp-json\/wp\/v2\/pages\/2251\/revisions"}],"predecessor-version":[{"id":2369,"href":"https:\/\/atekmuhendislik.com\/de\/wp-json\/wp\/v2\/pages\/2251\/revisions\/2369"}],"wp:attachment":[{"href":"https:\/\/atekmuhendislik.com\/de\/wp-json\/wp\/v2\/media?parent=2251"}],"curies":[{"name":"wp","href":"https:\/\/api.w.org\/{rel}","templated":true}]}}