{"id":2023,"date":"2022-10-26T14:50:27","date_gmt":"2022-10-26T11:50:27","guid":{"rendered":"http:\/\/atekmuhendislik.com\/de\/?page_id=2023"},"modified":"2022-12-21T11:17:14","modified_gmt":"2022-12-21T08:17:14","slug":"eisen-stahl","status":"publish","type":"page","link":"https:\/\/atekmuhendislik.com\/de\/eisen-stahl\/","title":{"rendered":"E\u0131sen &#038; Stahl"},"content":{"rendered":"<p>[vc_row full_width=&#8221;stretch_row&#8221; bg_image_position=&#8221;bg-image-ps-center&#8221; css=&#8221;.vc_custom_1666784890286{background-image: url(http:\/\/atekmuhendislik.com\/de\/wp-content\/uploads\/2022\/10\/dc.jpg?id=2024) !important;background-position: center !important;background-repeat: no-repeat !important;background-size: cover !important;}&#8221;][vc_column css=&#8221;.vc_custom_1548303985716{padding-top: 111px !important;padding-bottom: 111px !important;}&#8221;][vc_empty_space height=&#8221;35px&#8221;][vc_column_text]<\/p>\n<h3 style=\"text-align: center;\"><strong><span style=\"color: #ffffff;\">Eisen &amp; Stahl<\/span><\/strong><\/h3>\n<p>[\/vc_column_text][vc_empty_space height=&#8221;35px&#8221;][\/vc_column][\/vc_row][vc_row][vc_column][vc_column_text]<strong>Eisen &amp; Stahl<\/strong><\/p>\n<p>Wir produzieren viele verschiedene Stahlwerks- und Walzwerksausr\u00fcstungen wie Verteiler, Tiegel, Sch\u00fcssel, Vorw\u00e4rm\u00f6fen, Vakuumtanks, Servicefoem f\u00fcr neu errichtete oder bestehende Anlagen entsprechend den Anforderungen unserer Kunden. Unsere langj\u00e4hrige Zusammenarbeit mit den f\u00fchrenden Unternehmen des Sektors in den Bereichen Design und Produktion steigert unsere Erfahrung und Produktionskraft von Tag zu Tag.<\/p>\n<p>\u2022 Sch\u00fcssel<br \/>\n\u2022 Ofen Ausr\u00fcstungen<br \/>\n\u2022 Schornsteinausl\u00e4sse<br \/>\n\u2022 Tandis<br \/>\n\u2022 Ofen-Abdeckungen<br \/>\n\u2022 Gusstiegel<br \/>\n\u2022 Tr\u00e4ger Stahlkonstruktionen[\/vc_column_text][\/vc_column][\/vc_row][vc_row][vc_column width=&#8221;1\/4&#8243;][vc_single_image image=&#8221;2267&#8243; img_size=&#8221;full&#8221; onclick=&#8221;link_image&#8221;][\/vc_column][vc_column width=&#8221;1\/4&#8243;][vc_single_image image=&#8221;2268&#8243; img_size=&#8221;full&#8221; onclick=&#8221;link_image&#8221;][\/vc_column][vc_column width=&#8221;1\/4&#8243;][vc_single_image image=&#8221;2269&#8243; img_size=&#8221;full&#8221; onclick=&#8221;link_image&#8221;][\/vc_column][vc_column width=&#8221;1\/4&#8243;][vc_single_image image=&#8221;2270&#8243; img_size=&#8221;full&#8221; onclick=&#8221;link_image&#8221;][\/vc_column][\/vc_row][vc_row][vc_column width=&#8221;1\/4&#8243;][vc_single_image image=&#8221;2271&#8243; img_size=&#8221;full&#8221; onclick=&#8221;link_image&#8221;][\/vc_column][vc_column width=&#8221;1\/4&#8243;][vc_single_image image=&#8221;2272&#8243; img_size=&#8221;full&#8221; onclick=&#8221;link_image&#8221;][\/vc_column][vc_column width=&#8221;1\/4&#8243;][vc_single_image image=&#8221;2273&#8243; img_size=&#8221;full&#8221; onclick=&#8221;link_image&#8221;][\/vc_column][vc_column width=&#8221;1\/4&#8243;][vc_single_image image=&#8221;2049&#8243; img_size=&#8221;full&#8221; onclick=&#8221;link_image&#8221;][\/vc_column][\/vc_row][vc_row][vc_column width=&#8221;1\/4&#8243;][vc_single_image image=&#8221;2027&#8243; img_size=&#8221;full&#8221; onclick=&#8221;link_image&#8221;][\/vc_column][vc_column width=&#8221;1\/4&#8243;][vc_single_image image=&#8221;2028&#8243; img_size=&#8221;full&#8221; onclick=&#8221;link_image&#8221;][\/vc_column][vc_column width=&#8221;1\/4&#8243;][vc_single_image image=&#8221;2029&#8243; img_size=&#8221;full&#8221; onclick=&#8221;link_image&#8221;][\/vc_column][vc_column width=&#8221;1\/4&#8243;][vc_single_image image=&#8221;2030&#8243; img_size=&#8221;full&#8221; onclick=&#8221;link_image&#8221;][\/vc_column][\/vc_row][vc_row][vc_column width=&#8221;1\/4&#8243;][vc_single_image image=&#8221;2031&#8243; img_size=&#8221;full&#8221; onclick=&#8221;link_image&#8221;][\/vc_column][vc_column width=&#8221;1\/4&#8243;][vc_single_image image=&#8221;2032&#8243; img_size=&#8221;full&#8221; onclick=&#8221;link_image&#8221;][\/vc_column][vc_column width=&#8221;1\/4&#8243;][vc_single_image image=&#8221;2033&#8243; img_size=&#8221;full&#8221; onclick=&#8221;link_image&#8221;][\/vc_column][vc_column width=&#8221;1\/4&#8243;][vc_single_image image=&#8221;2034&#8243; img_size=&#8221;full&#8221; onclick=&#8221;link_image&#8221;][\/vc_column][\/vc_row][vc_row][vc_column width=&#8221;1\/4&#8243;][vc_single_image image=&#8221;2035&#8243; img_size=&#8221;full&#8221; onclick=&#8221;link_image&#8221;][\/vc_column][vc_column width=&#8221;1\/4&#8243;][vc_single_image image=&#8221;2036&#8243; img_size=&#8221;full&#8221; onclick=&#8221;link_image&#8221;][\/vc_column][vc_column width=&#8221;1\/4&#8243;][vc_single_image image=&#8221;2037&#8243; img_size=&#8221;full&#8221; onclick=&#8221;link_image&#8221;][\/vc_column][vc_column width=&#8221;1\/4&#8243;][vc_single_image image=&#8221;2038&#8243; img_size=&#8221;full&#8221; onclick=&#8221;link_image&#8221;][\/vc_column][\/vc_row][vc_row][vc_column width=&#8221;1\/4&#8243;][vc_single_image image=&#8221;2039&#8243; img_size=&#8221;full&#8221; onclick=&#8221;link_image&#8221;][\/vc_column][vc_column width=&#8221;1\/4&#8243;][vc_single_image image=&#8221;2040&#8243; img_size=&#8221;full&#8221; onclick=&#8221;link_image&#8221;][\/vc_column][vc_column width=&#8221;1\/4&#8243;][vc_single_image image=&#8221;2041&#8243; img_size=&#8221;full&#8221; onclick=&#8221;link_image&#8221;][\/vc_column][vc_column width=&#8221;1\/4&#8243;][vc_single_image image=&#8221;2042&#8243; img_size=&#8221;full&#8221; onclick=&#8221;link_image&#8221;][\/vc_column][\/vc_row][vc_row][vc_column width=&#8221;1\/4&#8243;][vc_single_image image=&#8221;2043&#8243; img_size=&#8221;full&#8221; onclick=&#8221;link_image&#8221;][\/vc_column][vc_column width=&#8221;1\/4&#8243;][vc_single_image image=&#8221;2044&#8243; img_size=&#8221;full&#8221; onclick=&#8221;link_image&#8221;][\/vc_column][vc_column width=&#8221;1\/4&#8243;][vc_single_image image=&#8221;2045&#8243; img_size=&#8221;full&#8221; onclick=&#8221;link_image&#8221;][\/vc_column][vc_column width=&#8221;1\/4&#8243;][vc_single_image image=&#8221;2046&#8243; img_size=&#8221;full&#8221; onclick=&#8221;link_image&#8221;][\/vc_column][\/vc_row][vc_row][vc_column width=&#8221;1\/4&#8243;][vc_single_image image=&#8221;2047&#8243; img_size=&#8221;full&#8221; onclick=&#8221;link_image&#8221;][\/vc_column][vc_column width=&#8221;1\/4&#8243;][vc_single_image image=&#8221;2048&#8243; img_size=&#8221;full&#8221; onclick=&#8221;link_image&#8221;][\/vc_column][vc_column width=&#8221;1\/4&#8243;][\/vc_column][vc_column width=&#8221;1\/4&#8243;][\/vc_column][\/vc_row][vc_row full_width=&#8221;stretch_row&#8221; css=&#8221;.vc_custom_1548144891200{background-color: #ecf0f2 !important;}&#8221;][vc_column css=&#8221;.vc_custom_1548313473860{padding-top: 50px !important;padding-bottom: 51px !important;}&#8221;][cms_heading text=&#8221;SEIT 20 JAHREN ENTWERFEN, PRODUZIEREN UND MONTIEREN WIR INDUSTRIESTAHL.&#8221; tag=&#8221;div&#8221; align_lg=&#8221;align-center&#8221; align_md=&#8221;align-center-md&#8221; align_sm=&#8221;align-center-sm&#8221; align_xs=&#8221;align-center-xs&#8221; font_size=&#8221;19&#8243; font_size_md=&#8221;26&#8243; font_size_sm=&#8221;26&#8243; font_size_xs=&#8221;20&#8243; line_height=&#8221;70&#8243; line_height_md=&#8221;70&#8243; line_height_sm=&#8221;70&#8243; line_height_xs=&#8221;54&#8243; font_weight=&#8221;700&#8243; text_color=&#8221;#091031&#8243;][\/vc_column][\/vc_row]<\/p>\n","protected":false},"excerpt":{"rendered":"<p>[vc_row full_width=&#8221;stretch_row&#8221; bg_image_position=&#8221;bg-image-ps-center&#8221; css=&#8221;.vc_custom_1666784890286{background-image: url(http:\/\/atekmuhendislik.com\/de\/wp-content\/uploads\/2022\/10\/dc.jpg?id=2024) !important;background-position: center !important;background-repeat: no-repeat !important;background-size: cover !important;}&#8221;][vc_column css=&#8221;.vc_custom_1548303985716{padding-top: 111px !important;padding-bottom: 111px !important;}&#8221;][vc_empty_space height=&#8221;35px&#8221;][vc_column_text] Eisen &amp; Stahl [\/vc_column_text][vc_empty_space height=&#8221;35px&#8221;][\/vc_column][\/vc_row][vc_row][vc_column][vc_column_text]Eisen &amp; Stahl Wir produzieren viele verschiedene Stahlwerks- und Walzwerksausr\u00fcstungen wie Verteiler, Tiegel, Sch\u00fcssel, Vorw\u00e4rm\u00f6fen, Vakuumtanks, Servicefoem f\u00fcr neu errichtete oder bestehende Anlagen entsprechend den Anforderungen unserer Kunden. Unsere langj\u00e4hrige Zusammenarbeit mit den [&hellip;]<\/p>\n","protected":false},"author":1,"featured_media":0,"parent":0,"menu_order":0,"comment_status":"closed","ping_status":"closed","template":"","meta":{"inline_featured_image":false,"footnotes":""},"class_list":["post-2023","page","type-page","status-publish","hentry"],"aioseo_notices":[],"_links":{"self":[{"href":"https:\/\/atekmuhendislik.com\/de\/wp-json\/wp\/v2\/pages\/2023","targetHints":{"allow":["GET"]}}],"collection":[{"href":"https:\/\/atekmuhendislik.com\/de\/wp-json\/wp\/v2\/pages"}],"about":[{"href":"https:\/\/atekmuhendislik.com\/de\/wp-json\/wp\/v2\/types\/page"}],"author":[{"embeddable":true,"href":"https:\/\/atekmuhendislik.com\/de\/wp-json\/wp\/v2\/users\/1"}],"replies":[{"embeddable":true,"href":"https:\/\/atekmuhendislik.com\/de\/wp-json\/wp\/v2\/comments?post=2023"}],"version-history":[{"count":8,"href":"https:\/\/atekmuhendislik.com\/de\/wp-json\/wp\/v2\/pages\/2023\/revisions"}],"predecessor-version":[{"id":2380,"href":"https:\/\/atekmuhendislik.com\/de\/wp-json\/wp\/v2\/pages\/2023\/revisions\/2380"}],"wp:attachment":[{"href":"https:\/\/atekmuhendislik.com\/de\/wp-json\/wp\/v2\/media?parent=2023"}],"curies":[{"name":"wp","href":"https:\/\/api.w.org\/{rel}","templated":true}]}}